{"id":39,"date":"2020-05-08T23:57:39","date_gmt":"2020-05-08T21:57:39","guid":{"rendered":"http:\/\/agori.noblogs.org\/?page_id=39"},"modified":"2020-06-03T15:56:50","modified_gmt":"2020-06-03T13:56:50","slug":"ueber-uns","status":"publish","type":"page","link":"https:\/\/agori.noblogs.org\/?page_id=39","title":{"rendered":"\u00dcber uns"},"content":{"rendered":"<p><img loading=\"lazy\" decoding=\"async\" class=\"size-medium wp-image-62 aligncenter\" src=\"https:\/\/agori.noblogs.org\/files\/2020\/05\/agori-logo-300x300.png\" alt=\"\" width=\"300\" height=\"300\" srcset=\"https:\/\/agori.noblogs.org\/files\/2020\/05\/agori-logo-300x300.png 300w, https:\/\/agori.noblogs.org\/files\/2020\/05\/agori-logo-1024x1022.png 1024w, https:\/\/agori.noblogs.org\/files\/2020\/05\/agori-logo-150x150.png 150w, https:\/\/agori.noblogs.org\/files\/2020\/05\/agori-logo-768x767.png 768w, https:\/\/agori.noblogs.org\/files\/2020\/05\/agori-logo.png 1319w\" sizes=\"auto, (max-width: 300px) 100vw, 300px\" \/>Wir sind eine israelsolidarische und islamkritische Antifagruppe aus Oldenburg. Wir sind einem universalistischen Verst\u00e4ndnis von Emanzipation verpflichtet, dem es gilt &#8222;alle Verh\u00e4ltnisse umzuwerfen, in denen der Mensch ein erniedrigtes, ein geknechtetes, ein verlassenes, ein ver\u00e4chtliches Wesen ist.&#8220; (Marx)<\/p>\n<p>Wir m\u00f6chten auf unserer Seite in Zukunft kritische Beitr\u00e4ge zu Oldenburger Auspr\u00e4gungen der deutschen Zust\u00e4nde zur Verf\u00fcgung stellen, sowie antifaschistische Recherchen und Dokumentationen f\u00fcr Oldenburg und Umgebung zu den Themen:<\/p>\n<ul>\n<li style=\"text-align: left\">Islamismus und konservativer Mehrheitsislam<\/li>\n<li style=\"text-align: left\">Antisemitismus und Antizionismus<\/li>\n<li style=\"text-align: left\">Verschw\u00f6rungsideologien, Esoterik<\/li>\n<\/ul>\n<p>&nbsp;<\/p>\n","protected":false},"excerpt":{"rendered":"<p>Wir sind eine israelsolidarische und islamkritische Antifagruppe aus Oldenburg. Wir sind einem universalistischen Verst\u00e4ndnis von Emanzipation verpflichtet, dem es gilt &#8222;alle Verh\u00e4ltnisse umzuwerfen, in denen der Mensch ein erniedrigtes, ein geknechtetes, ein verlassenes, ein ver\u00e4chtliches Wesen ist.&#8220; (Marx) Wir m\u00f6chten &hellip; <a href=\"https:\/\/agori.noblogs.org\/?page_id=39\">Weiterlesen <span class=\"meta-nav\">&rarr;<\/span><\/a><\/p>\n","protected":false},"author":15302,"featured_media":0,"parent":0,"menu_order":2,"comment_status":"closed","ping_status":"closed","template":"","meta":{"footnotes":""},"class_list":["post-39","page","type-page","status-publish","hentry"],"_links":{"self":[{"href":"https:\/\/agori.noblogs.org\/index.php?rest_route=\/wp\/v2\/pages\/39","targetHints":{"allow":["GET"]}}],"collection":[{"href":"https:\/\/agori.noblogs.org\/index.php?rest_route=\/wp\/v2\/pages"}],"about":[{"href":"https:\/\/agori.noblogs.org\/index.php?rest_route=\/wp\/v2\/types\/page"}],"author":[{"embeddable":true,"href":"https:\/\/agori.noblogs.org\/index.php?rest_route=\/wp\/v2\/users\/15302"}],"replies":[{"embeddable":true,"href":"https:\/\/agori.noblogs.org\/index.php?rest_route=%2Fwp%2Fv2%2Fcomments&post=39"}],"version-history":[{"count":9,"href":"https:\/\/agori.noblogs.org\/index.php?rest_route=\/wp\/v2\/pages\/39\/revisions"}],"predecessor-version":[{"id":122,"href":"https:\/\/agori.noblogs.org\/index.php?rest_route=\/wp\/v2\/pages\/39\/revisions\/122"}],"wp:attachment":[{"href":"https:\/\/agori.noblogs.org\/index.php?rest_route=%2Fwp%2Fv2%2Fmedia&parent=39"}],"curies":[{"name":"wp","href":"https:\/\/api.w.org\/{rel}","templated":true}]}}